{"id":14724,"date":"2016-10-10T06:05:08","date_gmt":"2016-10-10T06:05:08","guid":{"rendered":"http:\/\/dev-gln.younik.pt\/about-me-ii\/"},"modified":"2024-04-17T16:55:30","modified_gmt":"2024-04-17T16:55:30","slug":"about-gln-mexico","status":"publish","type":"page","link":"https:\/\/glnmexico.pt\/es\/about-gln-mexico\/","title":{"rendered":"Sobre"},"content":{"rendered":"<p>[vc_row padding_top_multiplier=\u00bb4x\u00bb padding_bottom_multiplier=\u00bb4x\u00bb][vc_column]<h2 class=\"grve-element grve-title grve-align-center grve-h2 h2-strong\" style=\"\"><span>Molding the Future<\/span><\/h2>[vc_column_text text_style=\u00bbleader-text\u00bb]<\/p>\n<p style=\"text-align: center;\">GLN comenz\u00f3 el proceso de internacionalizaci\u00f3n a trav\u00e9s de la inauguraci\u00f3n de las nuevas instalaciones en Quer\u00e9taro, M\u00e9xico.<br \/>\nEsta unidad est\u00e1 dedicada a los servicios de reparaci\u00f3n y mantenimiento de moldes t\u00e9cnicos para inyecci\u00f3n termopl\u00e1stica.<br \/>\nLa inversi\u00f3n en GLN M\u00e9xico mejora la viabilidad de enfrentar nuevos desaf\u00edos en el \u00e1rea de producci\u00f3n e inyecci\u00f3n de moldes.<\/p>\n<p>[\/vc_column_text][\/vc_column][\/vc_row][vc_row bg_type=\u00bbcolor\u00bb padding_top_multiplier=\u00bb4x\u00bb padding_bottom_multiplier=\u00bb4x\u00bb bg_color=\u00bb#f3f3f3&#8243;][vc_column]<h2 class=\"grve-element grve-title grve-align-center grve-h2\" style=\"\"><span>Certificados<\/span><\/h2><div class=\"grve-empty-space\" style=\"height: 10px;\"><\/div>[\/vc_column][vc_column][vc_row_inner][vc_column_inner width=\u00bb1\/4&#8243; el_class=\u00bbcol-certificado\u00bb]<div class=\"grve-element grve-image grve-align-center\" style=\"\">  <div class=\"grve-image-wrapper\"><img loading=\"lazy\" decoding=\"async\" width=\"480\" height=\"270\" src=\"https:\/\/glnmexico.pt\/wp-content\/uploads\/ISO-9001.png\" class=\"attachment-full size-full\" alt=\"\" srcset=\"https:\/\/glnmexico.pt\/wp-content\/uploads\/ISO-9001.png 480w, https:\/\/glnmexico.pt\/wp-content\/uploads\/ISO-9001-300x169.png 300w\" sizes=\"auto, (max-width: 480px) 100vw, 480px\" \/>   <\/div><\/div><h4 class=\"grve-element grve-title grve-align-left grve-h4 h4-strong-600\" style=\"margin-bottom: 10px;\"><span>ISO 9001:2015<\/span><\/h4>[vc_column_text css=\u00bb.vc_custom_1531839858928{margin-top: 0px !important;}\u00bb]<\/p>\n<h6>\u00c2mbito da certifica\u00e7\u00e3o<\/h6>\n<p>[\/vc_column_text][vc_column_text text_style=\u00bbleader-text\u00bb]Producci\u00f3n de piezas pl\u00e1sticas por inyecci\u00f3n, fabricaci\u00f3n y manutenci\u00f3n de moldes para la industria de pl\u00e1stico.[\/vc_column_text]<div class=\"grve-empty-space\" style=\"height: 10px;\"><\/div><div class=\"grve-element grve-gallery grve-isotope\" style=\"\" data-columns=\"3\" data-columns-large-screen=\"3\" data-columns-tablet-landscape=\"3\" data-columns-tablet-portrait=\"3\" data-columns-mobile=\"2\" data-layout=\"fitRows\">  <div class=\"grve-isotope-container\"><div class=\"grve-isotope-item grve-hover-item grve-hover-style-none\">  <figure class=\"grve-image-hover\">    <div class=\"grve-hover-overlay grve-bg-light grve-opacity-0\"><\/div><div class=\"grve-media\"><img loading=\"lazy\" decoding=\"async\" width=\"170\" height=\"32\" src=\"https:\/\/glnmexico.pt\/wp-content\/uploads\/GLN_empresas-23.png\" class=\"attachment-medium size-medium\" alt=\"\" \/><\/div>  <\/figure><\/div>  <\/div><\/div>[\/vc_column_inner][vc_column_inner width=\u00bb1\/4&#8243; el_class=\u00bbcol-certificado\u00bb]<div class=\"grve-element grve-image grve-align-center\" style=\"\">  <div class=\"grve-image-wrapper\"><img loading=\"lazy\" decoding=\"async\" width=\"878\" height=\"877\" src=\"https:\/\/glnmexico.pt\/wp-content\/uploads\/Novo-logotipo-da-norma-IATF-16949_semfundo.png\" class=\"attachment-full size-full\" alt=\"\" srcset=\"https:\/\/glnmexico.pt\/wp-content\/uploads\/Novo-logotipo-da-norma-IATF-16949_semfundo.png 878w, https:\/\/glnmexico.pt\/wp-content\/uploads\/Novo-logotipo-da-norma-IATF-16949_semfundo-300x300.png 300w, https:\/\/glnmexico.pt\/wp-content\/uploads\/Novo-logotipo-da-norma-IATF-16949_semfundo-150x150.png 150w, https:\/\/glnmexico.pt\/wp-content\/uploads\/Novo-logotipo-da-norma-IATF-16949_semfundo-768x767.png 768w, https:\/\/glnmexico.pt\/wp-content\/uploads\/Novo-logotipo-da-norma-IATF-16949_semfundo-560x560.png 560w, https:\/\/glnmexico.pt\/wp-content\/uploads\/Novo-logotipo-da-norma-IATF-16949_semfundo-80x80.png 80w\" sizes=\"auto, (max-width: 878px) 100vw, 878px\" \/>   <\/div><\/div><h4 class=\"grve-element grve-title grve-align-left grve-h4 h4-strong-600\" style=\"margin-bottom: 10px;\"><span>IATF 16949:2016<\/span><\/h4>[vc_column_text css=\u00bb.vc_custom_1531839858928{margin-top: 0px !important;}\u00bb]<\/p>\n<h6>ALCANCE DE LA CERTICACI\u00d3N<\/h6>\n<p>[\/vc_column_text][vc_column_text text_style=\u00bbleader-text\u00bb]Inyecci\u00f3n de piezas pl\u00e1sticas de alta precisi\u00f3n.[\/vc_column_text]<div class=\"grve-empty-space\" style=\"height: 10px;\"><\/div><div class=\"grve-element grve-gallery grve-isotope\" style=\"\" data-columns=\"3\" data-columns-large-screen=\"3\" data-columns-tablet-landscape=\"3\" data-columns-tablet-portrait=\"3\" data-columns-mobile=\"2\" data-layout=\"fitRows\">  <div class=\"grve-isotope-container\"><div class=\"grve-isotope-item grve-hover-item grve-hover-style-none\">  <figure class=\"grve-image-hover\">    <div class=\"grve-hover-overlay grve-bg-light grve-opacity-0\"><\/div><div class=\"grve-media\"><img loading=\"lazy\" decoding=\"async\" width=\"170\" height=\"32\" src=\"https:\/\/glnmexico.pt\/wp-content\/uploads\/GLN_empresas-23.png\" class=\"attachment-medium size-medium\" alt=\"\" \/><\/div>  <\/figure><\/div>  <\/div><\/div>[\/vc_column_inner][vc_column_inner width=\u00bb1\/4&#8243; el_class=\u00bbcol-certificado\u00bb]<div class=\"grve-element grve-image grve-align-center\" style=\"\">  <div class=\"grve-image-wrapper\">   <\/div><\/div><h4 class=\"grve-element grve-title grve-align-left grve-h4 h4-strong-600\" style=\"margin-bottom: 10px;\"><span>ISO 14001:2015<\/span><\/h4>[vc_column_text css=\u00bb.vc_custom_1531839858928{margin-top: 0px !important;}\u00bb]<\/p>\n<h6>ALCANCE DE LA CERTICACI\u00d3N<\/h6>\n<p>[\/vc_column_text][vc_column_text text_style=\u00bbleader-text\u00bb]Producci\u00f3n de partes pl\u00e1sticas por inyecci\u00f3n, fabricaci\u00f3n y mantenimiento de moldes para la industria del pl\u00e1stico.[\/vc_column_text]<div class=\"grve-empty-space\" style=\"height: 10px;\"><\/div><div class=\"grve-element grve-gallery grve-isotope\" style=\"\" data-columns=\"3\" data-columns-large-screen=\"3\" data-columns-tablet-landscape=\"3\" data-columns-tablet-portrait=\"3\" data-columns-mobile=\"2\" data-layout=\"fitRows\">  <div class=\"grve-isotope-container\"><div class=\"grve-isotope-item grve-hover-item grve-hover-style-none\">  <figure class=\"grve-image-hover\">    <div class=\"grve-hover-overlay grve-bg-light grve-opacity-0\"><\/div><div class=\"grve-media\"><img loading=\"lazy\" decoding=\"async\" width=\"170\" height=\"32\" src=\"https:\/\/glnmexico.pt\/wp-content\/uploads\/GLN_empresas-23.png\" class=\"attachment-medium size-medium\" alt=\"\" \/><\/div>  <\/figure><\/div>  <\/div><\/div>[\/vc_column_inner][vc_column_inner width=\u00bb1\/4&#8243; el_class=\u00bbcol-certificado\u00bb][\/vc_column_inner][\/vc_row_inner][\/vc_column][vc_column el_class=\u00bbhide-element\u00bb]<div class=\"grve-empty-space grve-height-2x\" style=\"\"><\/div><h3 class=\"grve-element grve-title grve-align-center grve-h4 grve-increase-heading grve-heading-140\" style=\"\"><span>&#8211; Em Implementa\u00e7\u00e3o &#8211;<\/span><\/h3><div class=\"grve-empty-space\" style=\"height: 10px;\"><\/div>[vc_row_inner][vc_column_inner width=\u00bb1\/4&#8243; el_class=\u00bbcol-certificado\u00bb]<div class=\"grve-element grve-image grve-grayscale-image cert-em-impl grve-align-center\" style=\"\">  <div class=\"grve-image-wrapper\"><img loading=\"lazy\" decoding=\"async\" width=\"480\" height=\"270\" src=\"https:\/\/glnmexico.pt\/wp-content\/uploads\/ISO-16949.png\" class=\"attachment-full size-full\" alt=\"\" srcset=\"https:\/\/glnmexico.pt\/wp-content\/uploads\/ISO-16949.png 480w, https:\/\/glnmexico.pt\/wp-content\/uploads\/ISO-16949-300x169.png 300w\" sizes=\"auto, (max-width: 480px) 100vw, 480px\" \/>   <\/div><\/div><h4 class=\"grve-element grve-title grve-align-left grve-h4 h4-strong-600\" style=\"margin-bottom: 10px;\"><span>IATF 16949:2016<\/span><\/h4>[vc_column_text css=\u00bb.vc_custom_1531839858928{margin-top: 0px !important;}\u00bb]<\/p>\n<h6>ALCANCE DE LA CERTICACI\u00d3N<\/h6>\n<p>[\/vc_column_text][vc_column_text text_style=\u00bbleader-text\u00bb]Em fase de implementa\u00e7\u00e3o dos requisitos da norma IATF 16949:2016 em inje\u00e7\u00e3o de pe\u00e7as pl\u00e1sticas de alta precis\u00e3o.[\/vc_column_text]<div class=\"grve-empty-space\" style=\"height: 10px;\"><\/div><div class=\"grve-element grve-gallery grve-isotope\" style=\"\" data-columns=\"3\" data-columns-large-screen=\"3\" data-columns-tablet-landscape=\"3\" data-columns-tablet-portrait=\"3\" data-columns-mobile=\"2\" data-layout=\"fitRows\">  <div class=\"grve-isotope-container\"><div class=\"grve-isotope-item grve-hover-item grve-hover-style-none\">  <figure class=\"grve-image-hover\">    <div class=\"grve-hover-overlay grve-bg-light grve-opacity-0\"><\/div><div class=\"grve-media\"><img loading=\"lazy\" decoding=\"async\" width=\"170\" height=\"32\" src=\"https:\/\/glnmexico.pt\/wp-content\/uploads\/GLN_empresas-23.png\" class=\"attachment-medium size-medium\" alt=\"\" \/><\/div>  <\/figure><\/div>  <\/div><\/div>[\/vc_column_inner][vc_column_inner width=\u00bb1\/4&#8243; el_class=\u00bbcol-certificado\u00bb][\/vc_column_inner][vc_column_inner width=\u00bb1\/4&#8243; el_class=\u00bbcol-certificado\u00bb][\/vc_column_inner][vc_column_inner width=\u00bb1\/4&#8243; el_class=\u00bbcol-certificado\u00bb][\/vc_column_inner][\/vc_row_inner][\/vc_column][\/vc_row]<\/p>","protected":false},"excerpt":{"rendered":"<p>[vc_row padding_top_multiplier=\u00bb4x\u00bb padding_bottom_multiplier=\u00bb4x\u00bb][vc_column][vc_column_text text_style=\u00bbleader-text\u00bb] GLN comenz\u00f3 el proceso de internacionalizaci\u00f3n a trav\u00e9s de la inauguraci\u00f3n de las nuevas instalaciones en Quer\u00e9taro, M\u00e9xico. Esta unidad est\u00e1 dedicada a los servicios de reparaci\u00f3n y mantenimiento de moldes t\u00e9cnicos para inyecci\u00f3n termopl\u00e1stica. La inversi\u00f3n en GLN M\u00e9xico mejora la viabilidad de enfrentar nuevos desaf\u00edos en el \u00e1rea de [&hellip;]<\/p>\n","protected":false},"author":1,"featured_media":0,"parent":0,"menu_order":0,"comment_status":"closed","ping_status":"closed","template":"","meta":{"footnotes":""},"class_list":["post-14724","page","type-page","status-publish","hentry"],"yoast_head":"<!-- This site is optimized with the Yoast SEO plugin v15.5 - https:\/\/yoast.com\/wordpress\/plugins\/seo\/ -->\n<title>Sobre - GLN M\u00e9xico<\/title>\n<meta name=\"robots\" content=\"index, follow, max-snippet:-1, max-image-preview:large, max-video-preview:-1\" \/>\n<link rel=\"canonical\" href=\"https:\/\/glnmexico.pt\/about-gln-mexico\/\" \/>\n<meta property=\"og:locale\" content=\"es_ES\" \/>\n<meta property=\"og:type\" content=\"article\" \/>\n<meta property=\"og:title\" content=\"Sobre - GLN M\u00e9xico\" \/>\n<meta property=\"og:description\" content=\"[vc_row padding_top_multiplier=\u00bb4x\u00bb padding_bottom_multiplier=\u00bb4x\u00bb][vc_column][vc_column_text text_style=\u00bbleader-text\u00bb] GLN comenz\u00f3 el proceso de internacionalizaci\u00f3n a trav\u00e9s de la inauguraci\u00f3n de las nuevas instalaciones en Quer\u00e9taro, M\u00e9xico. Esta unidad est\u00e1 dedicada a los servicios de reparaci\u00f3n y mantenimiento de moldes t\u00e9cnicos para inyecci\u00f3n termopl\u00e1stica. La inversi\u00f3n en GLN M\u00e9xico mejora la viabilidad de enfrentar nuevos desaf\u00edos en el \u00e1rea de [&hellip;]\" \/>\n<meta property=\"og:url\" content=\"https:\/\/glnmexico.pt\/about-gln-mexico\/\" \/>\n<meta property=\"og:site_name\" content=\"GLN M\u00e9xico\" \/>\n<meta property=\"article:modified_time\" content=\"2024-04-17T16:55:30+00:00\" \/>\n<meta name=\"twitter:card\" content=\"summary_large_image\" \/>\n<meta name=\"twitter:label1\" content=\"Tiempo de lectura\">\n\t<meta name=\"twitter:data1\" content=\"13 minutos\">\n<script type=\"application\/ld+json\" class=\"yoast-schema-graph\">{\"@context\":\"https:\/\/schema.org\",\"@graph\":[{\"@type\":\"WebSite\",\"@id\":\"https:\/\/glnmexico.pt\/#website\",\"url\":\"https:\/\/glnmexico.pt\/\",\"name\":\"GLN M\\u00e9xico\",\"description\":\"Molding the Future\",\"potentialAction\":[{\"@type\":\"SearchAction\",\"target\":\"https:\/\/glnmexico.pt\/?s={search_term_string}\",\"query-input\":\"required name=search_term_string\"}],\"inLanguage\":\"es\"},{\"@type\":\"WebPage\",\"@id\":\"https:\/\/glnmexico.pt\/about-gln-mexico\/#webpage\",\"url\":\"https:\/\/glnmexico.pt\/about-gln-mexico\/\",\"name\":\"Sobre - GLN M\\u00e9xico\",\"isPartOf\":{\"@id\":\"https:\/\/glnmexico.pt\/#website\"},\"datePublished\":\"2016-10-10T06:05:08+00:00\",\"dateModified\":\"2024-04-17T16:55:30+00:00\",\"inLanguage\":\"es\",\"potentialAction\":[{\"@type\":\"ReadAction\",\"target\":[\"https:\/\/glnmexico.pt\/about-gln-mexico\/\"]}]}]}<\/script>\n<!-- \/ Yoast SEO plugin. -->","_links":{"self":[{"href":"https:\/\/glnmexico.pt\/es\/wp-json\/wp\/v2\/pages\/14724","targetHints":{"allow":["GET"]}}],"collection":[{"href":"https:\/\/glnmexico.pt\/es\/wp-json\/wp\/v2\/pages"}],"about":[{"href":"https:\/\/glnmexico.pt\/es\/wp-json\/wp\/v2\/types\/page"}],"author":[{"embeddable":true,"href":"https:\/\/glnmexico.pt\/es\/wp-json\/wp\/v2\/users\/1"}],"replies":[{"embeddable":true,"href":"https:\/\/glnmexico.pt\/es\/wp-json\/wp\/v2\/comments?post=14724"}],"version-history":[{"count":159,"href":"https:\/\/glnmexico.pt\/es\/wp-json\/wp\/v2\/pages\/14724\/revisions"}],"predecessor-version":[{"id":17880,"href":"https:\/\/glnmexico.pt\/es\/wp-json\/wp\/v2\/pages\/14724\/revisions\/17880"}],"wp:attachment":[{"href":"https:\/\/glnmexico.pt\/es\/wp-json\/wp\/v2\/media?parent=14724"}],"curies":[{"name":"wp","href":"https:\/\/api.w.org\/{rel}","templated":true}]}}