{"id":234,"date":"2017-10-26T08:47:03","date_gmt":"2017-10-26T08:47:03","guid":{"rendered":"http:\/\/dev-gln.younik.pt\/?page_id=234"},"modified":"2024-04-17T16:45:06","modified_gmt":"2024-04-17T16:45:06","slug":"home","status":"publish","type":"page","link":"https:\/\/glnmexico.pt\/en\/","title":{"rendered":"Home-GLN"},"content":{"rendered":"<p>[vc_row padding_top_multiplier=&#8221;&#8221; padding_bottom_multiplier=&#8221;&#8221; columns_gap=&#8221;none&#8221;][vc_column][rev_slider_vc alias=&#8221;gln-home&#8221;][rev_slider_vc alias=&#8221;gln-home&#8221;][\/vc_column][\/vc_row][vc_row padding_top_multiplier=&#8221;4x&#8221; padding_bottom_multiplier=&#8221;4x&#8221;][vc_column]<h2 class=\"grve-element grve-title grve-align-center grve-h2 h2-strong\" style=\"\"><span>Bem-vindo \u00e0 GLN<\/span><\/h2>[vc_column_text text_style=&#8221;leader-text&#8221; animation=&#8221;grve-fade-in-up&#8221; css=&#8221;.vc_custom_1571997616546{padding-right: 3vw !important;padding-left: 3vw !important;}&#8221;]<\/p>\n<p style=\"text-align: center;\">D\u00e9cadas de experi\u00eancia em produ\u00e7\u00e3o e a inova\u00e7\u00e3o tecnol\u00f3gica constante,<br \/>\n\u200bdefinem-nos como uma empresa din\u00e2mica. Ambicionamos ser uma empresa global e l\u00edder na nossa ind\u00fastria, tanto nos moldes t\u00e9cnicos de elevada precis\u00e3o e performance, como na injec\u00e7\u00e3o com maior valor acrescentado, superando as expectativas dos nossos clientes.<br \/>\n<strong>Somos apaixonados pelo nosso trabalho e por oferecer mais aos nossos clientes.<\/strong>[\/vc_column_text]<div class=\"grve-empty-space grve-height-1x\" style=\"\"><\/div><div class=\"grve-element grve-align-center\"><a href=\"\/about-gln-mexico\" class=\"grve-btn grve-btn-medium grve-square grve-bg-primary-1 grve-bg-hover-primary-2 btn-gln-cor\"><span>Sobre a GLN M\u00e9xico<\/span><\/a><\/div>[\/vc_column][\/vc_row][vc_row bg_type=&#8221;color&#8221; padding_top_multiplier=&#8221;custom&#8221; padding_bottom_multiplier=&#8221;custom&#8221; columns_gap=&#8221;none&#8221; padding_top=&#8221;120&#8243; padding_bottom=&#8221;120&#8243; section_id=&#8221;newsRow&#8221;][vc_column]<h2 class=\"grve-element grve-title grve-align-center grve-animated-item grve-duration-normal grve-fade-in-up grve-h2\" style=\"\" data-delay=\"200\"><span>Not\u00edcias<\/span><\/h2><div class=\"grve-empty-space grve-height-2x\" style=\"\"><\/div>\t\t<div class=\"grve-element grve-blog grve-blog-columns grve-blog-grid grve-isotope grve-with-gap\" style=\"\" data-columns=\"2\" data-columns-large-screen=\"2\" data-columns-tablet-landscape=\"2\" data-columns-tablet-portrait=\"2\" data-columns-mobile=\"1\" data-layout=\"fitRows\" data-spinner=\"no\" data-gutter-size=\"40\">\r\n\t\t\t<div class=\"grve-isotope-container\">\r\n\t\t\t<article class=\"grve-blog-item grve-isotope-item post-17756 post type-post status-publish format-standard has-post-thumbnail hentry category-eventos\" itemscope itemType=\"http:\/\/schema.org\/BlogPosting\">\r\n\t\t\t\t<div class=\"grve-blog-item-inner grve-isotope-item-inner grve-fade-in-up\">\r\n\t\t\t\t\t\t\t\t\t\t\t\t\t<div class=\"grve-media\">\r\n\t\t\t<a class=\"grve-item-url\" href=\"https:\/\/glnmexico.pt\/en\/best-supplier-2019-sogefi\/\"><\/a>\r\n\t\t\t<img loading=\"lazy\" decoding=\"async\" width=\"768\" height=\"432\" src=\"https:\/\/glnmexico.pt\/wp-content\/uploads\/GLN-the-best-supplier-2019-min-768x432.jpg\" class=\"attachment-medium_large size-medium_large wp-post-image\" alt=\"\" srcset=\"https:\/\/glnmexico.pt\/wp-content\/uploads\/GLN-the-best-supplier-2019-min-768x432.jpg 768w, https:\/\/glnmexico.pt\/wp-content\/uploads\/GLN-the-best-supplier-2019-min-300x169.jpg 300w, https:\/\/glnmexico.pt\/wp-content\/uploads\/GLN-the-best-supplier-2019-min-1024x576.jpg 1024w, https:\/\/glnmexico.pt\/wp-content\/uploads\/GLN-the-best-supplier-2019-min-1536x864.jpg 1536w, https:\/\/glnmexico.pt\/wp-content\/uploads\/GLN-the-best-supplier-2019-min-1170x658.jpg 1170w, https:\/\/glnmexico.pt\/wp-content\/uploads\/GLN-the-best-supplier-2019-min.jpg 1920w\" sizes=\"auto, (max-width: 768px) 100vw, 768px\" \/>\t\t\t<div class=\"grve-bg-black grve-hover-overlay grve-opacity-10\"><\/div>\r\n\t\t<\/div>\r\n\t\t\t\t\t\t<div class=\"grve-post-content-wrapper\">\r\n\t\t\t\t\t\t\t<div class=\"grve-post-content\">\r\n\t\t\t\t\t\t\t\t<div class=\"grve-post-header\">\r\n\t\t\t\t\t\t\t\t\t\t\t\t\t\t\t\t\t\t\t\t<span class=\"grve-hidden\">\r\n\t\t\t<span class=\"grve-structured-data entry-title\">GLN is awarded with the prize Best Supplier 2019 from Sogefi<\/span>\r\n\t\t\t<span class=\"grve-structured-data\" itemprop=\"image\" itemscope itemtype=\"http:\/\/schema.org\/ImageObject\">\r\n\t\t\t   <span itemprop='url' >https:\/\/glnmexico.pt\/wp-content\/uploads\/GLN-the-best-supplier-2019-min.jpg<\/span>\r\n\t\t\t   <span itemprop='height' >1920<\/span>\r\n\t\t\t   <span itemprop='width' >1080<\/span>\r\n\t\t\t<\/span>\r\n\t\t\t\t\t\t<span class=\"grve-structured-data vcard author\" itemprop=\"author\" itemscope itemtype=\"http:\/\/schema.org\/Person\">\r\n\t\t\t\t<span itemprop=\"name\" class=\"fn\">GLN M\u00e9xico<\/span>\r\n\t\t\t<\/span>\r\n\t\t\t<span class=\"grve-structured-data\" itemprop=\"publisher\" itemscope itemtype=\"http:\/\/schema.org\/Organization\">\r\n\t\t\t\t<span itemprop='name'>GLN M\u00e9xico<\/span>\r\n\t\t\t\t<span itemprop='logo' itemscope itemtype='http:\/\/schema.org\/ImageObject'>\r\n\t\t\t\t\t<span itemprop='url'>https:\/\/glnmexico.pt\/wp-content\/uploads\/GLN-the-best-supplier-2019-min.jpg<\/span>\r\n\t\t\t\t<\/span>\r\n\t\t\t<\/span>\r\n\t\t\t\t\t\t<time class=\"grve-structured-data date published\" itemprop=\"datePublished\" datetime=\"2020-02-06T11:06:36+00:00\">2020-02-06<\/time>\r\n\t\t\t<time class=\"grve-structured-data date updated\" itemprop=\"dateModified\"  datetime=\"2020-02-06T11:06:36+00:00\">2020-02-06<\/time>\r\n\t\t\t<span class=\"grve-structured-data\" itemprop=\"mainEntityOfPage\" itemscope itemtype=\"http:\/\/schema.org\/WebPage\" itemid=\"https:\/\/glnmexico.pt\/en\/best-supplier-2019-sogefi\/\"><\/span>\r\n\t\t<\/span>\r\n\t\t\t\t\t\t\t\t\t\t\t\t\t\t\t\t\t\t\t\t<ul class=\"grve-post-meta\">\r\n\t\t\t\t\t\t\t\t\t\t<li class=\"grve-post-date\">\t<time class=\"\" datetime=\"2020-02-06T11:06:36+00:00\">\r\n\t\t2020-02-06\t<\/time>\r\n<\/li>\t\t\t\t\t\t\t\t\t\t<\/ul>\r\n\t\t\t\t\t\t\t\t\t\t\t\t\t\t\t\t\t\t<a href=\"https:\/\/glnmexico.pt\/en\/best-supplier-2019-sogefi\/\" rel=\"bookmark\"><h2 class=\"grve-post-title grve-post-title-hover grve-h4\" itemprop=\"name headline\">GLN is awarded with the prize Best Supplier 2019 from Sogefi<\/h2><\/a>\t\t\t\t\t\t\t\t<\/div>\r\n\t\t\t\t\t\t\t\t<div itemprop=\"articleBody\"><p>In the annual Sogefi\u2019s suppliers event, GLN Molds was proud to receive the award of \u201cBest Supplier for Indirect Equipment and Tooling 2019\u201d.<\/p>\n<a class=\"grve-read-more grve-link-text grve-heading-color grve-text-hover-primary-1\" href=\"https:\/\/glnmexico.pt\/en\/best-supplier-2019-sogefi\/\"><span>read more<\/span><\/a><\/div>\t\t\t\t\t\t\t<\/div>\r\n\t\t\t\t\t\t<\/div>\r\n\t\t\t\t\t\r\n\t\t\t\t<\/div>\t\t\t<\/article>\r\n\r\n\t\t\t<article class=\"grve-blog-item grve-isotope-item post-17713 post type-post status-publish format-standard has-post-thumbnail hentry category-eventos\" itemscope itemType=\"http:\/\/schema.org\/BlogPosting\">\r\n\t\t\t\t<div class=\"grve-blog-item-inner grve-isotope-item-inner grve-fade-in-up\">\r\n\t\t\t\t\t\t\t\t\t\t\t\t\t<div class=\"grve-media\">\r\n\t\t\t<a class=\"grve-item-url\" href=\"https:\/\/glnmexico.pt\/en\/gln-mexico-certifica-se-na-norma-iatf-169492016\/\"><\/a>\r\n\t\t\t<img loading=\"lazy\" decoding=\"async\" width=\"768\" height=\"432\" src=\"https:\/\/glnmexico.pt\/wp-content\/uploads\/GLN-mexico-IATF-16949-2016-min-1024x576-768x432.jpg\" class=\"attachment-medium_large size-medium_large wp-post-image\" alt=\"\" srcset=\"https:\/\/glnmexico.pt\/wp-content\/uploads\/GLN-mexico-IATF-16949-2016-min-1024x576-768x432.jpg 768w, https:\/\/glnmexico.pt\/wp-content\/uploads\/GLN-mexico-IATF-16949-2016-min-1024x576-300x169.jpg 300w, https:\/\/glnmexico.pt\/wp-content\/uploads\/GLN-mexico-IATF-16949-2016-min-1024x576.jpg 1024w\" sizes=\"auto, (max-width: 768px) 100vw, 768px\" \/>\t\t\t<div class=\"grve-bg-black grve-hover-overlay grve-opacity-10\"><\/div>\r\n\t\t<\/div>\r\n\t\t\t\t\t\t<div class=\"grve-post-content-wrapper\">\r\n\t\t\t\t\t\t\t<div class=\"grve-post-content\">\r\n\t\t\t\t\t\t\t\t<div class=\"grve-post-header\">\r\n\t\t\t\t\t\t\t\t\t\t\t\t\t\t\t\t\t\t\t\t<span class=\"grve-hidden\">\r\n\t\t\t<span class=\"grve-structured-data entry-title\">GLN Mexico is certified in IATF 16949: 2016<\/span>\r\n\t\t\t<span class=\"grve-structured-data\" itemprop=\"image\" itemscope itemtype=\"http:\/\/schema.org\/ImageObject\">\r\n\t\t\t   <span itemprop='url' >https:\/\/glnmexico.pt\/wp-content\/uploads\/GLN-mexico-IATF-16949-2016-min-1024x576.jpg<\/span>\r\n\t\t\t   <span itemprop='height' >1024<\/span>\r\n\t\t\t   <span itemprop='width' >576<\/span>\r\n\t\t\t<\/span>\r\n\t\t\t\t\t\t<span class=\"grve-structured-data vcard author\" itemprop=\"author\" itemscope itemtype=\"http:\/\/schema.org\/Person\">\r\n\t\t\t\t<span itemprop=\"name\" class=\"fn\">GLN M\u00e9xico<\/span>\r\n\t\t\t<\/span>\r\n\t\t\t<span class=\"grve-structured-data\" itemprop=\"publisher\" itemscope itemtype=\"http:\/\/schema.org\/Organization\">\r\n\t\t\t\t<span itemprop='name'>GLN M\u00e9xico<\/span>\r\n\t\t\t\t<span itemprop='logo' itemscope itemtype='http:\/\/schema.org\/ImageObject'>\r\n\t\t\t\t\t<span itemprop='url'>https:\/\/glnmexico.pt\/wp-content\/uploads\/GLN-mexico-IATF-16949-2016-min-1024x576.jpg<\/span>\r\n\t\t\t\t<\/span>\r\n\t\t\t<\/span>\r\n\t\t\t\t\t\t<time class=\"grve-structured-data date published\" itemprop=\"datePublished\" datetime=\"2019-09-20T11:26:00+00:00\">2019-09-20<\/time>\r\n\t\t\t<time class=\"grve-structured-data date updated\" itemprop=\"dateModified\"  datetime=\"2019-09-20T13:29:34+00:00\">2019-09-20<\/time>\r\n\t\t\t<span class=\"grve-structured-data\" itemprop=\"mainEntityOfPage\" itemscope itemtype=\"http:\/\/schema.org\/WebPage\" itemid=\"https:\/\/glnmexico.pt\/en\/gln-mexico-certifica-se-na-norma-iatf-169492016\/\"><\/span>\r\n\t\t<\/span>\r\n\t\t\t\t\t\t\t\t\t\t\t\t\t\t\t\t\t\t\t\t<ul class=\"grve-post-meta\">\r\n\t\t\t\t\t\t\t\t\t\t<li class=\"grve-post-date\">\t<time class=\"\" datetime=\"2019-09-20T11:26:00+00:00\">\r\n\t\t2019-09-20\t<\/time>\r\n<\/li>\t\t\t\t\t\t\t\t\t\t<\/ul>\r\n\t\t\t\t\t\t\t\t\t\t\t\t\t\t\t\t\t\t<a href=\"https:\/\/glnmexico.pt\/en\/gln-mexico-certifica-se-na-norma-iatf-169492016\/\" rel=\"bookmark\"><h2 class=\"grve-post-title grve-post-title-hover grve-h4\" itemprop=\"name headline\">GLN Mexico is certified in IATF 16949: 2016<\/h2><\/a>\t\t\t\t\t\t\t\t<\/div>\r\n\t\t\t\t\t\t\t\t<div itemprop=\"articleBody\"><p>GLN Mexico has taken another step in its growth strategy for North America by being awarded\u00a0 IATF 16949: 2016 compliance.<\/p>\n<a class=\"grve-read-more grve-link-text grve-heading-color grve-text-hover-primary-1\" href=\"https:\/\/glnmexico.pt\/en\/gln-mexico-certifica-se-na-norma-iatf-169492016\/\"><span>read more<\/span><\/a><\/div>\t\t\t\t\t\t\t<\/div>\r\n\t\t\t\t\t\t<\/div>\r\n\t\t\t\t\t\r\n\t\t\t\t<\/div>\t\t\t<\/article>\r\n\r\n\t\t\t<\/div>\r\n\t\t<\/div>\r\n[\/vc_column][\/vc_row][vc_row padding_top_multiplier=&#8221;&#8221; padding_bottom_multiplier=&#8221;&#8221;][vc_column][vc_raw_js]JTNDc2NyaXB0JTIwdHlwZSUzRCUyMnRleHQlMkZqYXZhc2NyaXB0JTIyJTNFJTBBd2luZG93Lm9ubG9hZCUyMCUzRCUyMGZ1bmN0aW9uJTI4JTI5JTIwJTdCJTBBJTA5dmFyJTIwbWVyY2FkbyUyMCUzRCUyMGRvY3VtZW50LnF1ZXJ5U2VsZWN0b3JBbGwlMjglMjIubWVyY2Fkb3NDYXJyb3NlbCUyMGRpdi5ncnZlLWJnLXByaW1hcnktMS5ncnZlLWhvdmVyLW92ZXJsYXklMjIlMjklM0IlMEElMDl2YXIlMjBpJTNCJTBBJTA5Zm9yJTIwJTI4aSUyMCUzRCUyMDAlM0IlMjBpJTIwJTNDJTIwbWVyY2Fkby5sZW5ndGglM0IlMjBpJTJCJTJCJTI5JTIwJTdCJTBBJTA5JTIwJTIwJTIwJTIwbWVyY2FkbyU1QmklNUQuaW5uZXJIVE1MJTIwJTNEJTIwJTI3JTNDaW1nJTIwY2xhc3MlM0QlMjJtZXJjYWRvcy1ob3ZlciUyMiUyMHNyYyUzRCUyMiUyRndwLWNvbnRlbnQlMkZ1cGxvYWRzJTJGbG9nby10cmFjZWoucG5nJTIyJTNFJTI3JTNCJTBBJTA5JTdEJTBBJTdEJTNCJTBBJTNDJTJGc2NyaXB0JTNFJTIw[\/vc_raw_js][\/vc_column][\/vc_row]<\/p>\n","protected":false},"excerpt":{"rendered":"<p>[vc_row padding_top_multiplier=&#8221;&#8221; padding_bottom_multiplier=&#8221;&#8221; columns_gap=&#8221;none&#8221;][vc_column][rev_slider_vc alias=&#8221;gln-home&#8221;][rev_slider_vc alias=&#8221;gln-home&#8221;][\/vc_column][\/vc_row][vc_row padding_top_multiplier=&#8221;4x&#8221; padding_bottom_multiplier=&#8221;4x&#8221;][vc_column][vc_column_text text_style=&#8221;leader-text&#8221; animation=&#8221;grve-fade-in-up&#8221; css=&#8221;.vc_custom_1571997616546{padding-right: 3vw !important;padding-left: 3vw !important;}&#8221;] D\u00e9cadas de experi\u00eancia em produ\u00e7\u00e3o e a inova\u00e7\u00e3o tecnol\u00f3gica constante, \u200bdefinem-nos como uma empresa din\u00e2mica. Ambicionamos ser uma empresa global e l\u00edder na nossa ind\u00fastria, tanto nos moldes t\u00e9cnicos de elevada precis\u00e3o e performance, como na injec\u00e7\u00e3o com maior valor [&hellip;]<\/p>\n","protected":false},"author":1,"featured_media":0,"parent":0,"menu_order":0,"comment_status":"closed","ping_status":"closed","template":"","meta":{"footnotes":""},"class_list":["post-234","page","type-page","status-publish","hentry"],"yoast_head":"<!-- This site is optimized with the Yoast SEO plugin v15.5 - https:\/\/yoast.com\/wordpress\/plugins\/seo\/ -->\n<title>Home-GLN - GLN M\u00e9xico<\/title>\n<meta name=\"robots\" content=\"index, follow, max-snippet:-1, max-image-preview:large, max-video-preview:-1\" \/>\n<link rel=\"canonical\" href=\"https:\/\/glnmexico.pt\/\" \/>\n<meta property=\"og:locale\" content=\"en_US\" \/>\n<meta property=\"og:type\" content=\"article\" \/>\n<meta property=\"og:title\" content=\"Home-GLN - GLN M\u00e9xico\" \/>\n<meta property=\"og:description\" content=\"[vc_row padding_top_multiplier=&#8221;&#8221; padding_bottom_multiplier=&#8221;&#8221; columns_gap=&#8221;none&#8221;][vc_column][rev_slider_vc alias=&#8221;gln-home&#8221;][rev_slider_vc alias=&#8221;gln-home&#8221;][\/vc_column][\/vc_row][vc_row padding_top_multiplier=&#8221;4x&#8221; padding_bottom_multiplier=&#8221;4x&#8221;][vc_column][vc_column_text text_style=&#8221;leader-text&#8221; animation=&#8221;grve-fade-in-up&#8221; css=&#8221;.vc_custom_1571997616546{padding-right: 3vw !important;padding-left: 3vw !important;}&#8221;] D\u00e9cadas de experi\u00eancia em produ\u00e7\u00e3o e a inova\u00e7\u00e3o tecnol\u00f3gica constante, \u200bdefinem-nos como uma empresa din\u00e2mica. Ambicionamos ser uma empresa global e l\u00edder na nossa ind\u00fastria, tanto nos moldes t\u00e9cnicos de elevada precis\u00e3o e performance, como na injec\u00e7\u00e3o com maior valor [&hellip;]\" \/>\n<meta property=\"og:url\" content=\"https:\/\/glnmexico.pt\/\" \/>\n<meta property=\"og:site_name\" content=\"GLN M\u00e9xico\" \/>\n<meta property=\"article:modified_time\" content=\"2024-04-17T16:45:06+00:00\" \/>\n<meta name=\"twitter:card\" content=\"summary_large_image\" \/>\n<meta name=\"twitter:label1\" content=\"Est. reading time\">\n\t<meta name=\"twitter:data1\" content=\"1 minute\">\n<script type=\"application\/ld+json\" class=\"yoast-schema-graph\">{\"@context\":\"https:\/\/schema.org\",\"@graph\":[{\"@type\":\"WebSite\",\"@id\":\"https:\/\/glnmexico.pt\/#website\",\"url\":\"https:\/\/glnmexico.pt\/\",\"name\":\"GLN M\\u00e9xico\",\"description\":\"Molding the Future\",\"potentialAction\":[{\"@type\":\"SearchAction\",\"target\":\"https:\/\/glnmexico.pt\/?s={search_term_string}\",\"query-input\":\"required name=search_term_string\"}],\"inLanguage\":\"en-US\"},{\"@type\":\"WebPage\",\"@id\":\"https:\/\/glnmexico.pt\/#webpage\",\"url\":\"https:\/\/glnmexico.pt\/\",\"name\":\"Home-GLN - GLN M\\u00e9xico\",\"isPartOf\":{\"@id\":\"https:\/\/glnmexico.pt\/#website\"},\"datePublished\":\"2017-10-26T08:47:03+00:00\",\"dateModified\":\"2024-04-17T16:45:06+00:00\",\"inLanguage\":\"en-US\",\"potentialAction\":[{\"@type\":\"ReadAction\",\"target\":[\"https:\/\/glnmexico.pt\/\"]}]}]}<\/script>\n<!-- \/ Yoast SEO plugin. -->","_links":{"self":[{"href":"https:\/\/glnmexico.pt\/en\/wp-json\/wp\/v2\/pages\/234","targetHints":{"allow":["GET"]}}],"collection":[{"href":"https:\/\/glnmexico.pt\/en\/wp-json\/wp\/v2\/pages"}],"about":[{"href":"https:\/\/glnmexico.pt\/en\/wp-json\/wp\/v2\/types\/page"}],"author":[{"embeddable":true,"href":"https:\/\/glnmexico.pt\/en\/wp-json\/wp\/v2\/users\/1"}],"replies":[{"embeddable":true,"href":"https:\/\/glnmexico.pt\/en\/wp-json\/wp\/v2\/comments?post=234"}],"version-history":[{"count":214,"href":"https:\/\/glnmexico.pt\/en\/wp-json\/wp\/v2\/pages\/234\/revisions"}],"predecessor-version":[{"id":17879,"href":"https:\/\/glnmexico.pt\/en\/wp-json\/wp\/v2\/pages\/234\/revisions\/17879"}],"wp:attachment":[{"href":"https:\/\/glnmexico.pt\/en\/wp-json\/wp\/v2\/media?parent=234"}],"curies":[{"name":"wp","href":"https:\/\/api.w.org\/{rel}","templated":true}]}}