{"id":17360,"date":"2018-10-19T08:15:20","date_gmt":"2018-10-19T08:15:20","guid":{"rendered":"http:\/\/dev-glnmolds.younik.pt\/?page_id=17360"},"modified":"2024-05-06T14:39:57","modified_gmt":"2024-05-06T14:39:57","slug":"servicos","status":"publish","type":"page","link":"https:\/\/glnmexico.pt\/de\/servicos\/","title":{"rendered":"Service"},"content":{"rendered":"<p>[vc_row padding_top_multiplier=&#8220;4x&#8220; padding_bottom_multiplier=&#8220;&#8220; el_class=&#8220;our-technologies&#8220;][vc_column]<h2 class=\"grve-element grve-title grve-align-center grve-h2 h2-strong\" style=\"\"><span>Service<\/span><\/h2><div class=\"grve-empty-space grve-height-1x\" style=\"\"><\/div>[\/vc_column][\/vc_row][vc_row padding_top_multiplier=&#8220;&#8220; padding_bottom_multiplier=&#8220;4x&#8220; el_class=&#8220;our-technologies&#8220;][vc_column width=&#8220;1\/2&#8243;]<div class=\"grve-element grve-carousel grve-layout-1\" style=\"\">  <div class=\"grve-carousel-wrapper\">    <div class=\"grve-carousel-element tecnologias-galeria\" data-items=\"1\" data-items-tablet-landscape=\"1\" data-items-tablet-portrait=\"1\" data-items-mobile=\"1\" data-slider-autoplay=\"no\" data-slider-speed=\"3000\" data-slider-pause=\"no\" data-pagination-speed=\"400\" data-pagination=\"yes\" data-slider-loop=\"yes\"><div class=\"grve-carousel-item grve-hover-item grve-hover-style-none\">  <figure class=\"grve-image-hover\">    <div class=\"grve-hover-overlay grve-bg-light grve-opacity-0\"><\/div><div class=\"grve-media\"><img loading=\"lazy\" decoding=\"async\" width=\"732\" height=\"412\" src=\"https:\/\/glnmexico.pt\/wp-content\/uploads\/Tecnologias-insert-over-moulding.jpg\" class=\"attachment-medium_large size-medium_large\" alt=\"\" srcset=\"https:\/\/glnmexico.pt\/wp-content\/uploads\/Tecnologias-insert-over-moulding.jpg 732w, https:\/\/glnmexico.pt\/wp-content\/uploads\/Tecnologias-insert-over-moulding-300x169.jpg 300w\" sizes=\"auto, (max-width: 732px) 100vw, 732px\" \/><\/div>  <\/figure><\/div>\t  <\/div>\t<\/div><\/div><div class=\"grve-empty-space grve-height-1x\" style=\"\"><\/div><h2 class=\"grve-element grve-title grve-align-left grve-h4 h4-strong-600\" style=\"margin-bottom: 10px;\"><span>WARTUNG VON FORMWERKZEUGEN<\/span><\/h2>[vc_column_text text_style=&#8220;leader-text&#8220;]<\/p>\n<ul>\n<li>Regelm\u00e4\u00dfige und pr\u00e4ventive Wartung von Hochpr\u00e4zisionsformen<\/li>\n<li>Werkzeugreparatur und Korrekturl\u00f6sungen<\/li>\n<li>Konstruktions\u00e4nderungen<\/li>\n<li>Schnellservice Werkzeugaufbereitung<\/li>\n<\/ul>\n<p>[\/vc_column_text][\/vc_column][vc_column width=&#8220;1\/2&#8243;]<div class=\"grve-element grve-carousel grve-layout-1\" style=\"\">  <div class=\"grve-carousel-wrapper\">    <div class=\"grve-carousel-element tecnologias-galeria\" data-items=\"1\" data-items-tablet-landscape=\"1\" data-items-tablet-portrait=\"1\" data-items-mobile=\"1\" data-slider-autoplay=\"no\" data-slider-speed=\"3000\" data-slider-pause=\"no\" data-pagination-speed=\"400\" data-pagination=\"yes\" data-slider-loop=\"yes\"><div class=\"grve-carousel-item grve-hover-item grve-hover-style-none\">  <figure class=\"grve-image-hover\">    <div class=\"grve-hover-overlay grve-bg-light grve-opacity-0\"><\/div><div class=\"grve-media\"><img loading=\"lazy\" decoding=\"async\" width=\"732\" height=\"412\" src=\"https:\/\/glnmexico.pt\/wp-content\/uploads\/Tecnologias-technical-injection-03-min.jpg\" class=\"attachment-medium_large size-medium_large\" alt=\"\" srcset=\"https:\/\/glnmexico.pt\/wp-content\/uploads\/Tecnologias-technical-injection-03-min.jpg 732w, https:\/\/glnmexico.pt\/wp-content\/uploads\/Tecnologias-technical-injection-03-min-300x169.jpg 300w\" sizes=\"auto, (max-width: 732px) 100vw, 732px\" \/><\/div>  <\/figure><\/div>\t  <\/div>\t<\/div><\/div><div class=\"grve-empty-space grve-height-1x\" style=\"\"><\/div><h2 class=\"grve-element grve-title grve-align-left grve-h4 h4-strong-600\" style=\"margin-bottom: 10px;\"><span>SPRITZGIESSEN<\/span><\/h2>[vc_column_text text_style=&#8220;leader-text&#8220;]<\/p>\n<ul>\n<li>Technischer Spritzguss<\/li>\n<\/ul>\n<p>[\/vc_column_text][\/vc_column][vc_column el_class=&#8220;tabela-servicos&#8220;]<div class=\"grve-empty-space grve-height-2x\" style=\"\"><\/div><div class=\"grve-element grve-divider linha-tabela-duble\" style=\"padding-top: 10px;padding-bottom: 10px;\"><div class=\"grve-line-divider grve-border\"><\/div><\/div>[vc_row_inner][vc_column_inner width=&#8220;1\/2&#8243;][vc_column_text text_style=&#8220;leader-text&#8220;]<span style=\"color: #a50064;\"><strong>Grinder<\/strong><\/span>[\/vc_column_text][\/vc_column_inner][vc_column_inner width=&#8220;1\/4&#8243;][vc_column_text text_style=&#8220;leader-text&#8220;]<\/p>\n<p style=\"text-align: center;\"><strong>Monoprecis<\/strong><\/p>\n<p>[\/vc_column_text][\/vc_column_inner][vc_column_inner width=&#8220;1\/4&#8243;][vc_column_text text_style=&#8220;leader-text&#8220;]<\/p>\n<p style=\"text-align: center;\">114 S<\/p>\n<p>[\/vc_column_text][\/vc_column_inner][\/vc_row_inner]<div class=\"grve-element grve-divider linha-tabela\" style=\"padding-top: 10px;padding-bottom: 10px;\"><div class=\"grve-line-divider grve-border\"><\/div><\/div>[vc_row_inner][vc_column_inner width=&#8220;1\/2&#8243;][vc_column_text text_style=&#8220;leader-text&#8220;]<span style=\"color: #a50064;\"><strong>CNC Grinder<\/strong><\/span>[\/vc_column_text][\/vc_column_inner][vc_column_inner width=&#8220;1\/4&#8243;][vc_column_text text_style=&#8220;leader-text&#8220;]<\/p>\n<p style=\"text-align: center;\"><strong>Jones &amp; Shipman<\/strong><\/p>\n<p>[\/vc_column_text][\/vc_column_inner][vc_column_inner width=&#8220;1\/4&#8243;][vc_column_text text_style=&#8220;leader-text&#8220;]<\/p>\n<p style=\"text-align: center;\">Dominator 624<\/p>\n<p>[\/vc_column_text][\/vc_column_inner][\/vc_row_inner]<div class=\"grve-element grve-divider linha-tabela\" style=\"padding-top: 10px;padding-bottom: 10px;\"><div class=\"grve-line-divider grve-border\"><\/div><\/div>[vc_row_inner][vc_column_inner width=&#8220;1\/2&#8243;][vc_column_text text_style=&#8220;leader-text&#8220;]<span style=\"color: #a50064;\"><strong>CNC Machining Center<\/strong><\/span>[\/vc_column_text][\/vc_column_inner][vc_column_inner width=&#8220;1\/4&#8243;][vc_column_text text_style=&#8220;leader-text&#8220;]<\/p>\n<p style=\"text-align: center;\"><strong>Mikron<\/strong><\/p>\n<p>[\/vc_column_text][\/vc_column_inner][vc_column_inner width=&#8220;1\/4&#8243;][vc_column_text text_style=&#8220;leader-text&#8220;]<\/p>\n<p style=\"text-align: center;\">HSM 700 (3 Axes)<\/p>\n<p>[\/vc_column_text][\/vc_column_inner][\/vc_row_inner]<div class=\"grve-element grve-divider linha-tabela\" style=\"padding-top: 10px;padding-bottom: 10px;\"><div class=\"grve-line-divider grve-border\"><\/div><\/div>[vc_row_inner][vc_column_inner width=&#8220;1\/2&#8243;][vc_column_text text_style=&#8220;leader-text&#8220;]<span style=\"color: #a50064;\"><strong>CNC Machining Center<\/strong><\/span>[\/vc_column_text][\/vc_column_inner][vc_column_inner width=&#8220;1\/4&#8243;][vc_column_text text_style=&#8220;leader-text&#8220;]<\/p>\n<p style=\"text-align: center;\"><strong>Mikron<\/strong><\/p>\n<p>[\/vc_column_text][\/vc_column_inner][vc_column_inner width=&#8220;1\/4&#8243;][vc_column_text text_style=&#8220;leader-text&#8220;]<\/p>\n<p style=\"text-align: center;\">UCP 600 Vario (5 Axes)<\/p>\n<p>[\/vc_column_text][\/vc_column_inner][\/vc_row_inner]<div class=\"grve-element grve-divider linha-tabela\" style=\"padding-top: 10px;padding-bottom: 10px;\"><div class=\"grve-line-divider grve-border\"><\/div><\/div>[vc_row_inner][vc_column_inner width=&#8220;1\/2&#8243;][vc_column_text text_style=&#8220;leader-text&#8220;]<span style=\"color: #a50064;\"><strong>Sinker EDM<\/strong><\/span>[\/vc_column_text][\/vc_column_inner][vc_column_inner width=&#8220;1\/4&#8243;][vc_column_text text_style=&#8220;leader-text&#8220;]<\/p>\n<p style=\"text-align: center;\"><strong>Charmilles<\/strong><\/p>\n<p>[\/vc_column_text][\/vc_column_inner][vc_column_inner width=&#8220;1\/4&#8243;][vc_column_text text_style=&#8220;leader-text&#8220;]<\/p>\n<p style=\"text-align: center;\">Roboform 30<\/p>\n<p>[\/vc_column_text][\/vc_column_inner][\/vc_row_inner]<div class=\"grve-element grve-divider linha-tabela\" style=\"padding-top: 10px;padding-bottom: 10px;\"><div class=\"grve-line-divider grve-border\"><\/div><\/div>[vc_row_inner][vc_column_inner width=&#8220;1\/2&#8243;][vc_column_text text_style=&#8220;leader-text&#8220;]<span style=\"color: #a50064;\"><strong>Sinker EDM<\/strong><\/span>[\/vc_column_text][\/vc_column_inner][vc_column_inner width=&#8220;1\/4&#8243;][vc_column_text text_style=&#8220;leader-text&#8220;]<\/p>\n<p style=\"text-align: center;\"><strong>Agie<\/strong><\/p>\n<p>[\/vc_column_text][\/vc_column_inner][vc_column_inner width=&#8220;1\/4&#8243;][vc_column_text text_style=&#8220;leader-text&#8220;]<\/p>\n<p style=\"text-align: center;\">Integral 2<\/p>\n<p>[\/vc_column_text][\/vc_column_inner][\/vc_row_inner]<div class=\"grve-element grve-divider linha-tabela\" style=\"padding-top: 10px;padding-bottom: 10px;\"><div class=\"grve-line-divider grve-border\"><\/div><\/div>[vc_row_inner][vc_column_inner width=&#8220;1\/2&#8243;][vc_column_text text_style=&#8220;leader-text&#8220;]<span style=\"color: #a50064;\"><strong>Laser Welding Machine<\/strong><\/span>[\/vc_column_text][\/vc_column_inner][vc_column_inner width=&#8220;1\/4&#8243;][vc_column_text text_style=&#8220;leader-text&#8220;]<\/p>\n<p style=\"text-align: center;\"><strong>Eco Laser<\/strong><\/p>\n<p>[\/vc_column_text][\/vc_column_inner][vc_column_inner width=&#8220;1\/4&#8243;][vc_column_text text_style=&#8220;leader-text&#8220;]<\/p>\n<p style=\"text-align: center;\">Eco 4600<\/p>\n<p>[\/vc_column_text][\/vc_column_inner][\/vc_row_inner]<div class=\"grve-element grve-divider linha-tabela\" style=\"padding-top: 10px;padding-bottom: 10px;\"><div class=\"grve-line-divider grve-border\"><\/div><\/div>[vc_row_inner][vc_column_inner width=&#8220;1\/2&#8243;][vc_column_text text_style=&#8220;leader-text&#8220;]<span style=\"color: #a50064;\"><strong>Wire EDM<\/strong><\/span>[\/vc_column_text][\/vc_column_inner][vc_column_inner width=&#8220;1\/4&#8243;][vc_column_text text_style=&#8220;leader-text&#8220;]<\/p>\n<p style=\"text-align: center;\"><strong>Charmilles<\/strong><\/p>\n<p>[\/vc_column_text][\/vc_column_inner][vc_column_inner width=&#8220;1\/4&#8243;][vc_column_text text_style=&#8220;leader-text&#8220;]<\/p>\n<p style=\"text-align: center;\">Robofil 310<\/p>\n<p>[\/vc_column_text][\/vc_column_inner][\/vc_row_inner]<div class=\"grve-element grve-divider linha-tabela\" style=\"padding-top: 10px;padding-bottom: 10px;\"><div class=\"grve-line-divider grve-border\"><\/div><\/div>[vc_row_inner][vc_column_inner width=&#8220;1\/2&#8243;][vc_column_text text_style=&#8220;leader-text&#8220;]<span style=\"color: #a50064;\"><strong>Wire EDM<\/strong><\/span>[\/vc_column_text][\/vc_column_inner][vc_column_inner width=&#8220;1\/4&#8243;][vc_column_text text_style=&#8220;leader-text&#8220;]<\/p>\n<p style=\"text-align: center;\"><strong>Charmilles<\/strong><\/p>\n<p>[\/vc_column_text][\/vc_column_inner][vc_column_inner width=&#8220;1\/4&#8243;][vc_column_text text_style=&#8220;leader-text&#8220;]<\/p>\n<p style=\"text-align: center;\">Robofil 290<\/p>\n<p>[\/vc_column_text][\/vc_column_inner][\/vc_row_inner]<div class=\"grve-element grve-divider linha-tabela\" style=\"padding-top: 10px;padding-bottom: 10px;\"><div class=\"grve-line-divider grve-border\"><\/div><\/div>[vc_row_inner][vc_column_inner width=&#8220;1\/2&#8243;][vc_column_text text_style=&#8220;leader-text&#8220;]<span style=\"color: #a50064;\"><strong>Lath Turning Machine<\/strong><\/span>[\/vc_column_text][\/vc_column_inner][vc_column_inner width=&#8220;1\/4&#8243;][vc_column_text text_style=&#8220;leader-text&#8220;]<\/p>\n<p style=\"text-align: center;\"><strong>Mclane<\/strong><\/p>\n<p>[\/vc_column_text][\/vc_column_inner][vc_column_inner width=&#8220;1\/4&#8243;][vc_column_text text_style=&#8220;leader-text&#8220;]<\/p>\n<p style=\"text-align: center;\">MT 16X40 CR6241<\/p>\n<p>[\/vc_column_text][\/vc_column_inner][\/vc_row_inner]<div class=\"grve-element grve-divider linha-tabela\" style=\"padding-top: 10px;padding-bottom: 10px;\"><div class=\"grve-line-divider grve-border\"><\/div><\/div>[vc_row_inner][vc_column_inner width=&#8220;1\/2&#8243;][vc_column_text text_style=&#8220;leader-text&#8220;]<span style=\"color: #a50064;\"><strong>Ultra Sonic Cleaning Machine<\/strong><\/span>[\/vc_column_text][\/vc_column_inner][vc_column_inner width=&#8220;1\/4&#8243;][vc_column_text text_style=&#8220;leader-text&#8220;]<\/p>\n<p style=\"text-align: center;\"><strong>Fisa<\/strong><\/p>\n<p>[\/vc_column_text][\/vc_column_inner][vc_column_inner width=&#8220;1\/4&#8243;][vc_column_text text_style=&#8220;leader-text&#8220;]<\/p>\n<p style=\"text-align: center;\">LRP 140<\/p>\n<p>[\/vc_column_text][\/vc_column_inner][\/vc_row_inner]<div class=\"grve-element grve-divider linha-tabela\" style=\"padding-top: 10px;padding-bottom: 10px;\"><div class=\"grve-line-divider grve-border\"><\/div><\/div>[vc_row_inner][vc_column_inner width=&#8220;1\/2&#8243;][vc_column_text text_style=&#8220;leader-text&#8220;]<span style=\"color: #a50064;\"><strong>3D Vision Measuring System<\/strong><\/span>[\/vc_column_text][\/vc_column_inner][vc_column_inner width=&#8220;1\/4&#8243;][vc_column_text text_style=&#8220;leader-text&#8220;]<\/p>\n<p style=\"text-align: center;\"><strong>Smartscope<\/strong><\/p>\n<p>[\/vc_column_text][\/vc_column_inner][vc_column_inner width=&#8220;1\/4&#8243;][vc_column_text text_style=&#8220;leader-text&#8220;]<\/p>\n<p style=\"text-align: center;\">200<\/p>\n<p>[\/vc_column_text][\/vc_column_inner][\/vc_row_inner]<div class=\"grve-element grve-divider linha-tabela-duble\" style=\"padding-top: 10px;padding-bottom: 10px;\"><div class=\"grve-line-divider grve-border\"><\/div><\/div>[vc_row_inner][vc_column_inner width=&#8220;1\/2&#8243;][vc_column_text text_style=&#8220;leader-text&#8220;]<span style=\"color: #a50064;\"><strong>Injection Molding Machine<\/strong><\/span>[\/vc_column_text][\/vc_column_inner][vc_column_inner width=&#8220;1\/4&#8243;][vc_column_text text_style=&#8220;leader-text&#8220;]<\/p>\n<p style=\"text-align: center;\"><strong>Arburg<\/strong><\/p>\n<p>[\/vc_column_text][\/vc_column_inner][vc_column_inner width=&#8220;1\/4&#8243;][vc_column_text text_style=&#8220;leader-text&#8220;]<\/p>\n<p style=\"text-align: center;\">720 A \u2013 350 Tons<\/p>\n<p>[\/vc_column_text][\/vc_column_inner][\/vc_row_inner]<div class=\"grve-element grve-divider linha-tabela\" style=\"padding-top: 10px;padding-bottom: 10px;\"><div class=\"grve-line-divider grve-border\"><\/div><\/div>[vc_row_inner][vc_column_inner width=&#8220;1\/2&#8243;][vc_column_text text_style=&#8220;leader-text&#8220;]<span style=\"color: #a50064;\"><strong>Injection Molding Machine<\/strong><\/span>[\/vc_column_text][\/vc_column_inner][vc_column_inner width=&#8220;1\/4&#8243;][vc_column_text text_style=&#8220;leader-text&#8220;]<\/p>\n<p style=\"text-align: center;\"><strong>Arburg<\/strong><\/p>\n<p>[\/vc_column_text][\/vc_column_inner][vc_column_inner width=&#8220;1\/4&#8243;][vc_column_text text_style=&#8220;leader-text&#8220;]<\/p>\n<p style=\"text-align: center;\">720 \u2013 320 Ton<\/p>\n<p>[\/vc_column_text][\/vc_column_inner][\/vc_row_inner]<div class=\"grve-element grve-divider linha-tabela-duble\" style=\"padding-top: 10px;padding-bottom: 10px;\"><div class=\"grve-line-divider grve-border\"><\/div><\/div>[\/vc_column][\/vc_row]<\/p>","protected":false},"excerpt":{"rendered":"<p>[vc_row padding_top_multiplier=&#8220;4x&#8220; padding_bottom_multiplier=&#8220;&#8220; el_class=&#8220;our-technologies&#8220;][vc_column][\/vc_column][\/vc_row][vc_row padding_top_multiplier=&#8220;&#8220; padding_bottom_multiplier=&#8220;4x&#8220; el_class=&#8220;our-technologies&#8220;][vc_column width=&#8220;1\/2&#8243;][vc_column_text text_style=&#8220;leader-text&#8220;] Regelm\u00e4\u00dfige und pr\u00e4ventive Wartung von Hochpr\u00e4zisionsformen Werkzeugreparatur und Korrekturl\u00f6sungen Konstruktions\u00e4nderungen Schnellservice Werkzeugaufbereitung [\/vc_column_text][\/vc_column][vc_column width=&#8220;1\/2&#8243;][vc_column_text text_style=&#8220;leader-text&#8220;] Technischer Spritzguss [\/vc_column_text][\/vc_column][vc_column el_class=&#8220;tabela-servicos&#8220;][vc_row_inner][vc_column_inner width=&#8220;1\/2&#8243;][vc_column_text text_style=&#8220;leader-text&#8220;]Grinder[\/vc_column_text][\/vc_column_inner][vc_column_inner width=&#8220;1\/4&#8243;][vc_column_text text_style=&#8220;leader-text&#8220;] Monoprecis [\/vc_column_text][\/vc_column_inner][vc_column_inner width=&#8220;1\/4&#8243;][vc_column_text text_style=&#8220;leader-text&#8220;] 114 S [\/vc_column_text][\/vc_column_inner][\/vc_row_inner][vc_row_inner][vc_column_inner width=&#8220;1\/2&#8243;][vc_column_text text_style=&#8220;leader-text&#8220;]CNC Grinder[\/vc_column_text][\/vc_column_inner][vc_column_inner width=&#8220;1\/4&#8243;][vc_column_text text_style=&#8220;leader-text&#8220;] Jones &amp; Shipman [\/vc_column_text][\/vc_column_inner][vc_column_inner width=&#8220;1\/4&#8243;][vc_column_text text_style=&#8220;leader-text&#8220;] Dominator 624 [\/vc_column_text][\/vc_column_inner][\/vc_row_inner][vc_row_inner][vc_column_inner width=&#8220;1\/2&#8243;][vc_column_text text_style=&#8220;leader-text&#8220;]CNC [&hellip;]<\/p>\n","protected":false},"author":1,"featured_media":0,"parent":0,"menu_order":0,"comment_status":"closed","ping_status":"closed","template":"","meta":{"footnotes":""},"class_list":["post-17360","page","type-page","status-publish","hentry"],"yoast_head":"<!-- This site is optimized with the Yoast SEO plugin v15.5 - https:\/\/yoast.com\/wordpress\/plugins\/seo\/ -->\n<title>Service - GLN M\u00e9xico<\/title>\n<meta name=\"robots\" content=\"index, follow, max-snippet:-1, max-image-preview:large, max-video-preview:-1\" \/>\n<link rel=\"canonical\" href=\"https:\/\/glnmexico.pt\/servicos\/\" \/>\n<meta property=\"og:locale\" content=\"de_DE\" \/>\n<meta property=\"og:type\" content=\"article\" \/>\n<meta property=\"og:title\" content=\"Service - GLN M\u00e9xico\" \/>\n<meta property=\"og:description\" content=\"[vc_row padding_top_multiplier=&#8220;4x&#8220; padding_bottom_multiplier=&#8220;&#8220; el_class=&#8220;our-technologies&#8220;][vc_column][\/vc_column][\/vc_row][vc_row padding_top_multiplier=&#8220;&#8220; padding_bottom_multiplier=&#8220;4x&#8220; el_class=&#8220;our-technologies&#8220;][vc_column width=&#8220;1\/2&#8243;][vc_column_text text_style=&#8220;leader-text&#8220;] Regelm\u00e4\u00dfige und pr\u00e4ventive Wartung von Hochpr\u00e4zisionsformen Werkzeugreparatur und Korrekturl\u00f6sungen Konstruktions\u00e4nderungen Schnellservice Werkzeugaufbereitung [\/vc_column_text][\/vc_column][vc_column width=&#8220;1\/2&#8243;][vc_column_text text_style=&#8220;leader-text&#8220;] Technischer Spritzguss [\/vc_column_text][\/vc_column][vc_column el_class=&#8220;tabela-servicos&#8220;][vc_row_inner][vc_column_inner width=&#8220;1\/2&#8243;][vc_column_text text_style=&#8220;leader-text&#8220;]Grinder[\/vc_column_text][\/vc_column_inner][vc_column_inner width=&#8220;1\/4&#8243;][vc_column_text text_style=&#8220;leader-text&#8220;] Monoprecis [\/vc_column_text][\/vc_column_inner][vc_column_inner width=&#8220;1\/4&#8243;][vc_column_text text_style=&#8220;leader-text&#8220;] 114 S [\/vc_column_text][\/vc_column_inner][\/vc_row_inner][vc_row_inner][vc_column_inner width=&#8220;1\/2&#8243;][vc_column_text text_style=&#8220;leader-text&#8220;]CNC Grinder[\/vc_column_text][\/vc_column_inner][vc_column_inner width=&#8220;1\/4&#8243;][vc_column_text text_style=&#8220;leader-text&#8220;] Jones &amp; Shipman [\/vc_column_text][\/vc_column_inner][vc_column_inner width=&#8220;1\/4&#8243;][vc_column_text text_style=&#8220;leader-text&#8220;] Dominator 624 [\/vc_column_text][\/vc_column_inner][\/vc_row_inner][vc_row_inner][vc_column_inner width=&#8220;1\/2&#8243;][vc_column_text text_style=&#8220;leader-text&#8220;]CNC [&hellip;]\" \/>\n<meta property=\"og:url\" content=\"https:\/\/glnmexico.pt\/servicos\/\" \/>\n<meta property=\"og:site_name\" content=\"GLN M\u00e9xico\" \/>\n<meta property=\"article:modified_time\" content=\"2024-05-06T14:39:57+00:00\" \/>\n<meta name=\"twitter:card\" content=\"summary_large_image\" \/>\n<meta name=\"twitter:label1\" content=\"Gesch\u00e4tzte Lesezeit\">\n\t<meta name=\"twitter:data1\" content=\"25\u00a0Minuten\">\n<script type=\"application\/ld+json\" class=\"yoast-schema-graph\">{\"@context\":\"https:\/\/schema.org\",\"@graph\":[{\"@type\":\"WebSite\",\"@id\":\"https:\/\/glnmexico.pt\/#website\",\"url\":\"https:\/\/glnmexico.pt\/\",\"name\":\"GLN M\\u00e9xico\",\"description\":\"Molding the Future\",\"potentialAction\":[{\"@type\":\"SearchAction\",\"target\":\"https:\/\/glnmexico.pt\/?s={search_term_string}\",\"query-input\":\"required name=search_term_string\"}],\"inLanguage\":\"de\"},{\"@type\":\"WebPage\",\"@id\":\"https:\/\/glnmexico.pt\/servicos\/#webpage\",\"url\":\"https:\/\/glnmexico.pt\/servicos\/\",\"name\":\"Service - GLN M\\u00e9xico\",\"isPartOf\":{\"@id\":\"https:\/\/glnmexico.pt\/#website\"},\"datePublished\":\"2018-10-19T08:15:20+00:00\",\"dateModified\":\"2024-05-06T14:39:57+00:00\",\"inLanguage\":\"de\",\"potentialAction\":[{\"@type\":\"ReadAction\",\"target\":[\"https:\/\/glnmexico.pt\/servicos\/\"]}]}]}<\/script>\n<!-- \/ Yoast SEO plugin. -->","_links":{"self":[{"href":"https:\/\/glnmexico.pt\/de\/wp-json\/wp\/v2\/pages\/17360","targetHints":{"allow":["GET"]}}],"collection":[{"href":"https:\/\/glnmexico.pt\/de\/wp-json\/wp\/v2\/pages"}],"about":[{"href":"https:\/\/glnmexico.pt\/de\/wp-json\/wp\/v2\/types\/page"}],"author":[{"embeddable":true,"href":"https:\/\/glnmexico.pt\/de\/wp-json\/wp\/v2\/users\/1"}],"replies":[{"embeddable":true,"href":"https:\/\/glnmexico.pt\/de\/wp-json\/wp\/v2\/comments?post=17360"}],"version-history":[{"count":70,"href":"https:\/\/glnmexico.pt\/de\/wp-json\/wp\/v2\/pages\/17360\/revisions"}],"predecessor-version":[{"id":17882,"href":"https:\/\/glnmexico.pt\/de\/wp-json\/wp\/v2\/pages\/17360\/revisions\/17882"}],"wp:attachment":[{"href":"https:\/\/glnmexico.pt\/de\/wp-json\/wp\/v2\/media?parent=17360"}],"curies":[{"name":"wp","href":"https:\/\/api.w.org\/{rel}","templated":true}]}}