{"id":16780,"date":"2018-07-23T10:00:24","date_gmt":"2018-07-23T10:00:24","guid":{"rendered":"http:\/\/dev-gln.younik.pt\/?page_id=16780"},"modified":"2023-09-20T09:26:56","modified_gmt":"2023-09-20T09:26:56","slug":"contacts","status":"publish","type":"page","link":"https:\/\/glnmexico.pt\/de\/contacts\/","title":{"rendered":"Kontakte"},"content":{"rendered":"<p>[vc_row section_type=&#8220;fullwidth&#8220; padding_top_multiplier=&#8220;&#8220; padding_bottom_multiplier=&#8220;&#8220; columns_gap=&#8220;none&#8220;][vc_column]<div class=\"grve-map-wrapper\"><div class=\"grve-element grve-map\" data-lat=\"20.565905\" data-lng=\"-100.257563\" data-zoom=\"15\" data-disable-style=\"no\" style=\"height: 450px;\"><\/div>  <div style=\"display:none\" class=\"grve-map-point\" data-point-marker=\"\/\/glnmexico.pt\/wp-content\/uploads\/icon-mapa_1.png\" data-point-lat=\"20.565905\" data-point-lng=\"-100.257563\" data-point-title=\"\" data-point-type=\"image\" data-point-marker-width=\"33\" data-point-marker-height=\"28\"><\/div><\/div>[\/vc_column][\/vc_row][vc_row bg_type=&#8220;color&#8220; padding_top_multiplier=&#8220;4x&#8220; padding_bottom_multiplier=&#8220;4x&#8220;][vc_column width=&#8220;1\/3&#8243;]<div class=\"grve-empty-space\" style=\"height: 65px;\"><\/div><h2 class=\"grve-element grve-title grve-align-left grve-h4 h2-strong grve-increase-heading grve-heading-120\" style=\"margin-bottom: 0px;\"><span><span style=\"color: #a50064;\">GLN M\u00e9xico<\/span><\/span><\/h2><div class=\"grve-empty-space grve-height-1x\" style=\"\"><\/div>[vc_column_text text_style=&#8220;leader-text&#8220;]<span style=\"vertical-align: inherit;\">Carretera Estatal 100 \u201cEl Colorado-Higuerillas\u201d 4200 Int. 1C <\/span><br \/>\n<span style=\"vertical-align: inherit;\">Parque Industrial Aeropuerto, <\/span><br \/>\n<span style=\"vertical-align: inherit;\">Loc. San Ildefonso, Munic\u00edpio Col\u00f3n <\/span><br \/>\n<span style=\"vertical-align: inherit;\">Quer\u00e9taro CP 76295<\/span><\/p>\n<p><span style=\"vertical-align: inherit;\">M\u00e9xico<\/span><\/p>\n<p><span style=\"vertical-align: inherit;\">T. +52 442 670 0048<\/span><\/p>\n<p>20\u00b0 35&#8242; 07.1&#8243; N 100\u00b0 11&#8242; 19.4&#8243; W<\/p>\n<p>Email: <a href=\"mailto:sales@gln.mx\">sales@gln.mx<\/a>[\/vc_column_text][vc_column_text text_style=&#8220;leader-text&#8220; el_class=&#8220;link-direcoes&#8220;]<a href=\"https:\/\/goo.gl\/maps\/CUJNbfS4LL49xoMy9\">Route Berechnen<\/a>[\/vc_column_text]<div class=\"grve-empty-space grve-height-1x\" style=\"\"><\/div>[vc_column_text]<strong>Whistleblowing-Kanal:\u00a0<\/strong>etica@manuelchampalimaud.pt[\/vc_column_text][\/vc_column][vc_column width=&#8220;2\/3&#8243;]<h2 class=\"grve-element grve-title grve-align-center grve-h2\" style=\"margin-bottom: 20px;\"><span>Kontaktieren Sie uns<\/span><\/h2><div role=\"form\" class=\"wpcf7\" id=\"wpcf7-f15853-o3\" lang=\"en-US\" dir=\"ltr\">\n<div class=\"screen-reader-response\"><p role=\"status\" aria-live=\"polite\" aria-atomic=\"true\"><\/p> <ul><\/ul><\/div>\n<form action=\"\/de\/wp-json\/wp\/v2\/pages\/16780#wpcf7-f15853-o3\" method=\"post\" class=\"wpcf7-form init wpcf7-acceptance-as-validation\" novalidate=\"novalidate\" data-status=\"init\">\n<div style=\"display: none;\">\n<input type=\"hidden\" name=\"_wpcf7\" value=\"15853\" \/>\n<input type=\"hidden\" name=\"_wpcf7_version\" value=\"5.3.1\" \/>\n<input type=\"hidden\" name=\"_wpcf7_locale\" value=\"en_US\" \/>\n<input type=\"hidden\" name=\"_wpcf7_unit_tag\" value=\"wpcf7-f15853-o3\" \/>\n<input type=\"hidden\" name=\"_wpcf7_container_post\" value=\"0\" \/>\n<input type=\"hidden\" name=\"_wpcf7_posted_data_hash\" value=\"\" \/>\n<input type=\"hidden\" name=\"_wpcf7_recaptcha_response\" value=\"\" \/>\n<\/div>\n<div class=\"grve-form grve-underline\">\n<div class=\"grve-fields-wrapper\">\n<div><span class=\"wpcf7-form-control-wrap your-name\"><input type=\"text\" name=\"your-name\" value=\"\" size=\"40\" class=\"wpcf7-form-control wpcf7-text wpcf7-validates-as-required\" aria-required=\"true\" aria-invalid=\"false\" placeholder=\"Name*\" \/><\/span><\/div>\n<div><span class=\"wpcf7-form-control-wrap your-email\"><input type=\"email\" name=\"your-email\" value=\"\" size=\"40\" class=\"wpcf7-form-control wpcf7-text wpcf7-email wpcf7-validates-as-required wpcf7-validates-as-email\" aria-required=\"true\" aria-invalid=\"false\" placeholder=\"Email*\" \/><\/span><\/div>\n<div><span class=\"wpcf7-form-control-wrap your-subject\"><input type=\"text\" name=\"your-subject\" value=\"\" size=\"40\" class=\"wpcf7-form-control wpcf7-text wpcf7-validates-as-required\" aria-required=\"true\" aria-invalid=\"false\" placeholder=\"Betreff\" \/><\/span><\/div>\n<div><span class=\"wpcf7-form-control-wrap your-message\"><textarea name=\"your-message\" cols=\"40\" rows=\"6\" class=\"wpcf7-form-control wpcf7-textarea\" aria-invalid=\"false\" placeholder=\"Nachricht\"><\/textarea><\/span><\/div>\n<div class=\"gdpr-politics\">\n<p>The data collected in this form will be processed and stored by GLN \u2013 Engineering, Molding and Plastics, S.A., with head office at Estrada Nacional 356-1, Charneca do Arnal, Maceira, Leiria, tax payer number 510 932 860, as the controller of processing the personal data (hereinafter referred to as \u201cGLN\u201d).<br \/>\nThe information collected herein shall be processed and used exclusively for the purposes of provide any clarifications requested. Further to your consent (by ticking the boxes below), your personal data may also be processed for:<\/p>\n<\/div>\n<div class=\"gdpr-politics\">\n<p><span class=\"wpcf7-form-control-wrap checkbox-marketing\"><span class=\"wpcf7-form-control wpcf7-checkbox checkbox-marketing\"><span class=\"wpcf7-list-item first\"><input type=\"checkbox\" name=\"checkbox-marketing[]\" value=\"Sending promotional and direct marketing communications relating to products and services of GLN or of any company in which GLN holds (directly or indirectly) any participation in the share capital (hereinafter \u201cGLN Group Companies\u201d), as well as the announcement of events and campaigns.\" \/><span class=\"wpcf7-list-item-label\">Sending promotional and direct marketing communications relating to products and services of GLN or of any company in which GLN holds (directly or indirectly) any participation in the share capital (hereinafter \u201cGLN Group Companies\u201d), as well as the announcement of events and campaigns.<\/span><\/span><span class=\"wpcf7-list-item last\"><input type=\"checkbox\" name=\"checkbox-marketing[]\" value=\"Sending promotional and direct marketing communications relating to products and services of any entities with which GLN and GLN Group Companies have established agreements or commercial partnerships, as well as the announcement of events and campaigns.\" \/><span class=\"wpcf7-list-item-label\">Sending promotional and direct marketing communications relating to products and services of any entities with which GLN and GLN Group Companies have established agreements or commercial partnerships, as well as the announcement of events and campaigns.<\/span><\/span><\/span><\/span>\n<p>Os campos assinalados com * s\u00e3o de preenchimento obrigat\u00f3rio, sob pena de n\u00e3o podermos responder \u00e0s suas solicita\u00e7\u00f5es. A GLN \u2013 Engineering, Molding and Plastics, S.A. poder\u00e1 transmitir os seus dados a entidades subcontratadas para os efeitos acima referidos, bem como comunic\u00e1-los a sociedades GLN, ou entidades com as quais tenham sido por aquelas estabelecidos acordos ou parcerias comerciais ou \u00e0s entidades competentes nos termos da lei.<\/p>\n<p>\nBefore clicking \u201csend\u201d, please read our <a href=\"\/politica-de-privacidade-e-de-cookies\/\" target=\"_blank\">Privacy and Cookies Policy<\/a>, where you will find information, namely, about your rights under the General Data Protection Regulation, the period of personal data storage, possibility of transfers of personal data to third parties and adopted security measures. In any event, under the applicable law, you have the right to withdraw your consent to the processing of your personal data for the abovementioned purposes, but this does not, however, render invalid the processing of your personal data up until such withdrawal. For further information, please contact us by e-mail geral@gln.pt or by phone +351 244 770 160.<\/p>\n<p><span class=\"wpcf7-form-control-wrap acceptance-gdpr\"><span class=\"wpcf7-form-control wpcf7-acceptance\"><span class=\"wpcf7-list-item\"><label><input type=\"checkbox\" name=\"acceptance-gdpr\" value=\"1\" aria-invalid=\"false\" id=\"acceptance-gdpr\" \/><span class=\"wpcf7-list-item-label\">I hereby accept the treatment of my personal data for the purposes abovementioned\/selected, in terms set out above.*<\/span><\/label><\/span><\/span><\/span><\/p>\n<\/div>\n<div class=\"grve-align-center\"><input type=\"submit\" value=\"Senden\" class=\"wpcf7-form-control wpcf7-submit\" \/><\/div>\n<\/div>\n<\/div>\n<div class=\"wpcf7-response-output\" aria-hidden=\"true\"><\/div><\/form><\/div>[\/vc_column][\/vc_row]<\/p>","protected":false},"excerpt":{"rendered":"<p>[vc_row section_type=&#8220;fullwidth&#8220; padding_top_multiplier=&#8220;&#8220; padding_bottom_multiplier=&#8220;&#8220; columns_gap=&#8220;none&#8220;][vc_column][\/vc_column][\/vc_row][vc_row bg_type=&#8220;color&#8220; padding_top_multiplier=&#8220;4x&#8220; padding_bottom_multiplier=&#8220;4x&#8220;][vc_column width=&#8220;1\/3&#8243;][vc_column_text text_style=&#8220;leader-text&#8220;]Carretera Estatal 100 \u201cEl Colorado-Higuerillas\u201d 4200 Int. 1C Parque Industrial Aeropuerto, Loc. San Ildefonso, Munic\u00edpio Col\u00f3n Quer\u00e9taro CP 76295 M\u00e9xico T. +52 442 670 0048 20\u00b0 35&#8242; 07.1&#8243; N 100\u00b0 11&#8242; 19.4&#8243; W Email: sales@gln.mx[\/vc_column_text][vc_column_text text_style=&#8220;leader-text&#8220; el_class=&#8220;link-direcoes&#8220;]Route Berechnen[\/vc_column_text][vc_column_text]Whistleblowing-Kanal:\u00a0etica@manuelchampalimaud.pt[\/vc_column_text][\/vc_column][vc_column width=&#8220;2\/3&#8243;][\/vc_column][\/vc_row]<\/p>\n","protected":false},"author":1,"featured_media":0,"parent":0,"menu_order":0,"comment_status":"closed","ping_status":"closed","template":"","meta":{"footnotes":""},"class_list":["post-16780","page","type-page","status-publish","hentry"],"yoast_head":"<!-- This site is optimized with the Yoast SEO plugin v15.5 - https:\/\/yoast.com\/wordpress\/plugins\/seo\/ -->\n<title>Kontakte - GLN M\u00e9xico<\/title>\n<meta name=\"robots\" content=\"index, follow, max-snippet:-1, max-image-preview:large, max-video-preview:-1\" \/>\n<link rel=\"canonical\" href=\"https:\/\/glnmexico.pt\/contacts\/\" \/>\n<meta property=\"og:locale\" content=\"de_DE\" \/>\n<meta property=\"og:type\" content=\"article\" \/>\n<meta property=\"og:title\" content=\"Kontakte - GLN M\u00e9xico\" \/>\n<meta property=\"og:description\" content=\"[vc_row section_type=&#8220;fullwidth&#8220; padding_top_multiplier=&#8220;&#8220; padding_bottom_multiplier=&#8220;&#8220; columns_gap=&#8220;none&#8220;][vc_column][\/vc_column][\/vc_row][vc_row bg_type=&#8220;color&#8220; padding_top_multiplier=&#8220;4x&#8220; padding_bottom_multiplier=&#8220;4x&#8220;][vc_column width=&#8220;1\/3&#8243;][vc_column_text text_style=&#8220;leader-text&#8220;]Carretera Estatal 100 \u201cEl Colorado-Higuerillas\u201d 4200 Int. 1C Parque Industrial Aeropuerto, Loc. San Ildefonso, Munic\u00edpio Col\u00f3n Quer\u00e9taro CP 76295 M\u00e9xico T. +52 442 670 0048 20\u00b0 35&#8242; 07.1&#8243; N 100\u00b0 11&#8242; 19.4&#8243; W Email: sales@gln.mx[\/vc_column_text][vc_column_text text_style=&#8220;leader-text&#8220; el_class=&#8220;link-direcoes&#8220;]Route Berechnen[\/vc_column_text][vc_column_text]Whistleblowing-Kanal:\u00a0etica@manuelchampalimaud.pt[\/vc_column_text][\/vc_column][vc_column width=&#8220;2\/3&#8243;][\/vc_column][\/vc_row]\" \/>\n<meta property=\"og:url\" content=\"https:\/\/glnmexico.pt\/contacts\/\" \/>\n<meta property=\"og:site_name\" content=\"GLN M\u00e9xico\" \/>\n<meta property=\"article:modified_time\" content=\"2023-09-20T09:26:56+00:00\" \/>\n<meta name=\"twitter:card\" content=\"summary_large_image\" \/>\n<meta name=\"twitter:label1\" content=\"Gesch\u00e4tzte Lesezeit\">\n\t<meta name=\"twitter:data1\" content=\"4\u00a0Minuten\">\n<script type=\"application\/ld+json\" class=\"yoast-schema-graph\">{\"@context\":\"https:\/\/schema.org\",\"@graph\":[{\"@type\":\"WebSite\",\"@id\":\"https:\/\/glnmexico.pt\/#website\",\"url\":\"https:\/\/glnmexico.pt\/\",\"name\":\"GLN M\\u00e9xico\",\"description\":\"Molding the Future\",\"potentialAction\":[{\"@type\":\"SearchAction\",\"target\":\"https:\/\/glnmexico.pt\/?s={search_term_string}\",\"query-input\":\"required name=search_term_string\"}],\"inLanguage\":\"de\"},{\"@type\":\"WebPage\",\"@id\":\"https:\/\/glnmexico.pt\/contacts\/#webpage\",\"url\":\"https:\/\/glnmexico.pt\/contacts\/\",\"name\":\"Kontakte - GLN M\\u00e9xico\",\"isPartOf\":{\"@id\":\"https:\/\/glnmexico.pt\/#website\"},\"datePublished\":\"2018-07-23T10:00:24+00:00\",\"dateModified\":\"2023-09-20T09:26:56+00:00\",\"inLanguage\":\"de\",\"potentialAction\":[{\"@type\":\"ReadAction\",\"target\":[\"https:\/\/glnmexico.pt\/contacts\/\"]}]}]}<\/script>\n<!-- \/ Yoast SEO plugin. -->","_links":{"self":[{"href":"https:\/\/glnmexico.pt\/de\/wp-json\/wp\/v2\/pages\/16780","targetHints":{"allow":["GET"]}}],"collection":[{"href":"https:\/\/glnmexico.pt\/de\/wp-json\/wp\/v2\/pages"}],"about":[{"href":"https:\/\/glnmexico.pt\/de\/wp-json\/wp\/v2\/types\/page"}],"author":[{"embeddable":true,"href":"https:\/\/glnmexico.pt\/de\/wp-json\/wp\/v2\/users\/1"}],"replies":[{"embeddable":true,"href":"https:\/\/glnmexico.pt\/de\/wp-json\/wp\/v2\/comments?post=16780"}],"version-history":[{"count":108,"href":"https:\/\/glnmexico.pt\/de\/wp-json\/wp\/v2\/pages\/16780\/revisions"}],"predecessor-version":[{"id":17821,"href":"https:\/\/glnmexico.pt\/de\/wp-json\/wp\/v2\/pages\/16780\/revisions\/17821"}],"wp:attachment":[{"href":"https:\/\/glnmexico.pt\/de\/wp-json\/wp\/v2\/media?parent=16780"}],"curies":[{"name":"wp","href":"https:\/\/api.w.org\/{rel}","templated":true}]}}